{"id":9775,"date":"2021-01-15T15:21:09","date_gmt":"2021-01-15T14:21:09","guid":{"rendered":"https:\/\/snacktime.es\/politica-de-cookies\/"},"modified":"2021-01-15T15:21:09","modified_gmt":"2021-01-15T14:21:09","slug":"politica-de-cookies","status":"publish","type":"page","link":"https:\/\/snacktime.es\/en\/politica-de-cookies\/","title":{"rendered":"Pol\u00edtica de cookies"},"content":{"rendered":"<p><span style=\"font-weight: 400;\">En esta web, titularidad MENOS DOCE HELADOS S.L., se recopilan y utiliza la informaci\u00f3n seg\u00fan se indica en nuestra pol\u00edtica de privacidad, cumpliendo con lo dispuesto en el Reglamento (UE) 2016\/679 del Parlamento Europeo y del Consejo, de 27 de abril de 2016, relativo a la protecci\u00f3n de las personas f\u00edsicas en lo que respecta al tratamiento de datos personales y a la libre circulaci\u00f3n de estos datos (en adelante, el \u201cRGPD\u201d), y a la Ley Org\u00e1nica 3\/2018, de 5 de diciembre, de Protecci\u00f3n de Datos Personales y Garant\u00eda de Derechos Digitales (LOPDGDD).<\/span><\/p>\n<p><span style=\"font-weight: 400;\">\u00a0Una de las formas en las que se recopila informaci\u00f3n es a trav\u00e9s del uso de la tecnolog\u00eda llamada \u201ccookies\u201d.<\/span><\/p>\n<p><b>\u00bfQu\u00e9 es una cookie?<\/b><\/p>\n<p><span style=\"font-weight: 400;\">Una \u201ccookie\u201d es una peque\u00f1a cantidad de texto que se almacena en su navegador (como Chrome de Google o Safari de Apple) cuando navega por la mayor\u00eda de los sitios web.<\/span><\/p>\n<p><b>\u00bfQu\u00e9 informaci\u00f3n almacena una cookie?<\/b><\/p>\n<p><span style=\"font-weight: 400;\">Las cookies no suelen almacenar informaci\u00f3n sensible sobre usted, como tarjetas de cr\u00e9dito o datos bancarios, fotograf\u00edas o informaci\u00f3n personal, etc. Los datos que guardan son de car\u00e1cter t\u00e9cnico, estad\u00edsticos, preferencias personales, personalizaci\u00f3n de contenidos, etc.<\/span><\/p>\n<p><span style=\"font-weight: 400;\">El servidor web no le asocia como persona sino a su navegador web. De hecho, si usted navega habitualmente con el navegador Chrome y prueba a navegar por la misma web con el navegador Firefox, ver\u00e1 que la web no se da cuenta que es usted la misma persona porque en realidad est\u00e1 asociando la informaci\u00f3n al navegador, no a la persona.<\/span><\/p>\n<p><b>\u00bfQu\u00e9 tipo de cookies existen?<\/b><\/p>\n<ul>\n<li style=\"font-weight: 400;\"><b>Cookies t\u00e9cnicas:\u00a0<\/b><span style=\"font-weight: 400;\">Son las m\u00e1s elementales y permiten, entre otras cosas, saber cu\u00e1ndo est\u00e1 navegando un humano o una aplicaci\u00f3n automatizada, cu\u00e1ndo navega un usuario an\u00f3nimo y uno registrado, tareas b\u00e1sicas para el funcionamiento de cualquier web din\u00e1mica.<\/span><\/li>\n<li style=\"font-weight: 400;\"><b>Cookies de an\u00e1lisis:\u00a0<\/b><span style=\"font-weight: 400;\">Recogen informaci\u00f3n sobre el tipo de navegaci\u00f3n que est\u00e1 realizando, las secciones que m\u00e1s utiliza, productos consultados, franja horaria de uso, idioma, etc.<\/span><\/li>\n<li style=\"font-weight: 400;\"><b>Cookies publicitarias:\u00a0<\/b><span style=\"font-weight: 400;\">Muestran publicidad en funci\u00f3n de su navegaci\u00f3n, su pa\u00eds de procedencia, idioma, etc.<\/span><\/li>\n<\/ul>\n<p><b>\u00bfQu\u00e9 son las cookies propias y las de terceros?<\/b><\/p>\n<p><span style=\"font-weight: 400;\">Las cookies propias son las generadas por la p\u00e1gina que est\u00e1 visitando y las de terceros son las generadas por servicios o proveedores externos como Google, Facebook, Twitter, etc.<\/span><\/p>\n<p><b>\u00bfC\u00f3mo eliminar las cookies?<\/b><\/p>\n<p><span style=\"font-weight: 400;\">Puede usted permitir, bloquear o eliminar las cookies instaladas en su equipo mediante la configuraci\u00f3n de las opciones del navegador instalado en su ordenador: Complemento de inhabilitaci\u00f3n para navegadores de Google Analytics.<\/span><\/p>\n<p><span style=\"font-weight: 400;\">Si desea rechazar las cookies anal\u00edticas de Google Analytics en todos los navegadores, de forma que no se env\u00ede informaci\u00f3n suya a Google Analytics, puede descargar un complemento que realiza esta funci\u00f3n desde\u00a0<\/span><span style=\"font-weight: 400;\">este enlace<\/span><span style=\"font-weight: 400;\">.<\/span><\/p>\n<p><b>Exenci\u00f3n de responsabilidad<\/b><\/p>\n<p><span style=\"font-weight: 400;\">Si opta por abandonar nuestro sitio web a trav\u00e9s de enlaces a p\u00e1ginas web no pertenecientes a nuestra entidad, no nos haremos responsables de las pol\u00edticas de privacidad de dichos sitios web ni de las cookies que estas puedan almacenar en el ordenador del usuario. Nuestra pol\u00edtica con respecto al correo electr\u00f3nico se centra en remitir \u00fanicamente comunicaciones que usted haya solicitado recibir.<\/span><\/p>\n<p><span style=\"font-weight: 400;\">Si prefiere no recibir estos mensajes por correo electr\u00f3nico le ofrecemos la posibilidad de ejercer su derecho de cancelaci\u00f3n y renuncia a la recepci\u00f3n de estos mensajes a trav\u00e9s de los mismos, de conformidad con lo dispuesto en el T\u00edtulo III, art\u00edculo 22 de la Ley 34\/2002 de Servicios para la Sociedad de la Informaci\u00f3n y de Comercio Electr\u00f3nico.<\/span><\/p>\n","protected":false},"excerpt":{"rendered":"<p>En esta web, titularidad MENOS DOCE HELADOS S.L., se recopilan y utiliza la informaci\u00f3n seg\u00fan se indica en nuestra pol\u00edtica de privacidad, cumpliendo con lo dispuesto en el Reglamento (UE) 2016\/679 del Parlamento Europeo y del Consejo, de 27 de abril de 2016, relativo a la protecci\u00f3n de las personas f\u00edsicas en lo que respecta<\/p>\n","protected":false},"author":1,"featured_media":0,"parent":0,"menu_order":0,"comment_status":"closed","ping_status":"closed","template":"","meta":[],"yoast_head":"<!-- This site is optimized with the Yoast SEO plugin v16.1.1 - https:\/\/yoast.com\/wordpress\/plugins\/seo\/ -->\n<title>Pol\u00edtica de cookies - Snack Time<\/title>\n<link rel=\"canonical\" href=\"https:\/\/snacktime.es\/en\/politica-de-cookies\/\" \/>\n<meta property=\"og:locale\" content=\"en_US\" \/>\n<meta property=\"og:type\" content=\"article\" \/>\n<meta property=\"og:title\" content=\"Pol\u00edtica de cookies - Snack Time\" \/>\n<meta property=\"og:description\" content=\"En esta web, titularidad MENOS DOCE HELADOS S.L., se recopilan y utiliza la informaci\u00f3n seg\u00fan se indica en nuestra pol\u00edtica de privacidad, cumpliendo con lo dispuesto en el Reglamento (UE) 2016\/679 del Parlamento Europeo y del Consejo, de 27 de abril de 2016, relativo a la protecci\u00f3n de las personas f\u00edsicas en lo que respecta\" \/>\n<meta property=\"og:url\" content=\"https:\/\/snacktime.es\/en\/politica-de-cookies\/\" \/>\n<meta property=\"og:site_name\" content=\"Snack Time\" \/>\n<meta name=\"twitter:card\" content=\"summary_large_image\" \/>\n<meta name=\"twitter:label1\" content=\"Est. reading time\">\n\t<meta name=\"twitter:data1\" content=\"3 minutes\">\n<script type=\"application\/ld+json\" class=\"yoast-schema-graph\">{\"@context\":\"https:\/\/schema.org\",\"@graph\":[{\"@type\":\"WebSite\",\"@id\":\"https:\/\/snacktime.es\/#website\",\"url\":\"https:\/\/snacktime.es\/\",\"name\":\"Snack Time\",\"description\":\"\",\"potentialAction\":[{\"@type\":\"SearchAction\",\"target\":\"https:\/\/snacktime.es\/?s={search_term_string}\",\"query-input\":\"required name=search_term_string\"}],\"inLanguage\":\"en-US\"},{\"@type\":\"WebPage\",\"@id\":\"https:\/\/snacktime.es\/en\/politica-de-cookies\/#webpage\",\"url\":\"https:\/\/snacktime.es\/en\/politica-de-cookies\/\",\"name\":\"Pol\\u00edtica de cookies - Snack Time\",\"isPartOf\":{\"@id\":\"https:\/\/snacktime.es\/#website\"},\"datePublished\":\"2021-01-15T14:21:09+00:00\",\"dateModified\":\"2021-01-15T14:21:09+00:00\",\"breadcrumb\":{\"@id\":\"https:\/\/snacktime.es\/en\/politica-de-cookies\/#breadcrumb\"},\"inLanguage\":\"en-US\",\"potentialAction\":[{\"@type\":\"ReadAction\",\"target\":[\"https:\/\/snacktime.es\/en\/politica-de-cookies\/\"]}]},{\"@type\":\"BreadcrumbList\",\"@id\":\"https:\/\/snacktime.es\/en\/politica-de-cookies\/#breadcrumb\",\"itemListElement\":[{\"@type\":\"ListItem\",\"position\":1,\"item\":{\"@type\":\"WebPage\",\"@id\":\"https:\/\/snacktime.es\/\",\"url\":\"https:\/\/snacktime.es\/\",\"name\":\"Home\"}},{\"@type\":\"ListItem\",\"position\":2,\"item\":{\"@type\":\"WebPage\",\"@id\":\"https:\/\/snacktime.es\/en\/politica-de-cookies\/\",\"url\":\"https:\/\/snacktime.es\/en\/politica-de-cookies\/\",\"name\":\"Pol\\u00edtica de cookies\"}}]}]}<\/script>\n<!-- \/ Yoast SEO plugin. -->","_links":{"self":[{"href":"https:\/\/snacktime.es\/en\/wp-json\/wp\/v2\/pages\/9775"}],"collection":[{"href":"https:\/\/snacktime.es\/en\/wp-json\/wp\/v2\/pages"}],"about":[{"href":"https:\/\/snacktime.es\/en\/wp-json\/wp\/v2\/types\/page"}],"author":[{"embeddable":true,"href":"https:\/\/snacktime.es\/en\/wp-json\/wp\/v2\/users\/1"}],"replies":[{"embeddable":true,"href":"https:\/\/snacktime.es\/en\/wp-json\/wp\/v2\/comments?post=9775"}],"version-history":[{"count":0,"href":"https:\/\/snacktime.es\/en\/wp-json\/wp\/v2\/pages\/9775\/revisions"}],"wp:attachment":[{"href":"https:\/\/snacktime.es\/en\/wp-json\/wp\/v2\/media?parent=9775"}],"curies":[{"name":"wp","href":"https:\/\/api.w.org\/{rel}","templated":true}]}}