{"id":9772,"date":"2021-01-15T15:20:26","date_gmt":"2021-01-15T14:20:26","guid":{"rendered":"https:\/\/snacktime.es\/politica-de-calidad\/"},"modified":"2021-01-15T15:20:26","modified_gmt":"2021-01-15T14:20:26","slug":"politica-de-calidad","status":"publish","type":"page","link":"https:\/\/snacktime.es\/en\/politica-de-calidad\/","title":{"rendered":"Pol\u00edtica de calidad"},"content":{"rendered":"<p><span style=\"font-weight: 400;\">La Organizaci\u00f3n dedicada al\u00a0<\/span><b>servicio de alimentos envasados y bebidas mediante m\u00e1quinas expendedoras<\/b><span style=\"font-weight: 400;\">\u00a0que incluye el mantenimiento de las mismas, pretende:<\/span><\/p>\n<p><span style=\"font-weight: 400;\">Ofrecer un servicio que satisfaga las necesidades y expectativas de las partes interesadas, garantizando la seguridad alimentaria y la protecci\u00f3n del medioambiente.<\/span><\/p>\n<p><span style=\"font-weight: 400;\">Por ello, sus valores corporativos son:<\/span><\/p>\n<p><b>Excelencia, Innovaci\u00f3n y Mejora Continua.<\/b><\/p>\n<p><span style=\"font-weight: 400;\">\u2013 Controlar y garantizar la frescura, calidad e inocuidad de los productos alimenticios suministrados, as\u00ed como las condiciones de higiene y mantenimiento de los equipos de distribuci\u00f3n y venta.<\/span><\/p>\n<p><span style=\"font-weight: 400;\">\u2013 Mantener un contacto continuo con las partes interesadas para ofrecer respuestas y soluciones \u00e1giles y eficaces adem\u00e1s de establecer planes estrat\u00e9gicos y objetivos acordes que se revisar\u00e1n peri\u00f3dicamente.<\/span><\/p>\n<p><span style=\"font-weight: 400;\">\u2013 Velar por el cumplimiento de los requisitos legales, del cliente y del sistema que sean de aplicaci\u00f3n.<\/span><span style=\"font-weight: 400;\"><br \/>\n<\/span><span style=\"font-weight: 400;\">\u2013 Garantizar y supervisar la formaci\u00f3n y capacitaci\u00f3n del personal, promoviendo un entorno positivo de desarrollo y participaci\u00f3n en el sistema.<\/span><span style=\"font-weight: 400;\"><br \/>\n<\/span><span style=\"font-weight: 400;\">\u2013 Asegurar la disponibilidad de recursos para el desarrollo de los procesos y desarrollar las actividades en un \u00e1mbito respetuoso con las personas.<\/span><span style=\"font-weight: 400;\"><br \/>\n<\/span><span style=\"font-weight: 400;\">\u2013 Prevenir la contaminaci\u00f3n y otros compromisos relativos a la sostenibilidad de recursos en cualquier punto de nuestro proceso.<\/span><span style=\"font-weight: 400;\"><br \/>\n<\/span><span style=\"font-weight: 400;\">\u2013 Mantener actualizado el Sistema y la presente Pol\u00edtica, la cual se har\u00e1 extensiva al conjunto del personal y a las partes externas interesadas.<\/span><\/p>\n","protected":false},"excerpt":{"rendered":"<p>La Organizaci\u00f3n dedicada al\u00a0servicio de alimentos envasados y bebidas mediante m\u00e1quinas expendedoras\u00a0que incluye el mantenimiento de las mismas, pretende: Ofrecer un servicio que satisfaga las necesidades y expectativas de las partes interesadas, garantizando la seguridad alimentaria y la protecci\u00f3n del medioambiente. Por ello, sus valores corporativos son: Excelencia, Innovaci\u00f3n y Mejora Continua. \u2013 Controlar y<\/p>\n","protected":false},"author":1,"featured_media":0,"parent":0,"menu_order":0,"comment_status":"closed","ping_status":"closed","template":"","meta":[],"yoast_head":"<!-- This site is optimized with the Yoast SEO plugin v16.1.1 - https:\/\/yoast.com\/wordpress\/plugins\/seo\/ -->\n<title>Pol\u00edtica de calidad - Snack Time<\/title>\n<link rel=\"canonical\" href=\"https:\/\/snacktime.es\/en\/politica-de-calidad\/\" \/>\n<meta property=\"og:locale\" content=\"en_US\" \/>\n<meta property=\"og:type\" content=\"article\" \/>\n<meta property=\"og:title\" content=\"Pol\u00edtica de calidad - Snack Time\" \/>\n<meta property=\"og:description\" content=\"La Organizaci\u00f3n dedicada al\u00a0servicio de alimentos envasados y bebidas mediante m\u00e1quinas expendedoras\u00a0que incluye el mantenimiento de las mismas, pretende: Ofrecer un servicio que satisfaga las necesidades y expectativas de las partes interesadas, garantizando la seguridad alimentaria y la protecci\u00f3n del medioambiente. Por ello, sus valores corporativos son: Excelencia, Innovaci\u00f3n y Mejora Continua. \u2013 Controlar y\" \/>\n<meta property=\"og:url\" content=\"https:\/\/snacktime.es\/en\/politica-de-calidad\/\" \/>\n<meta property=\"og:site_name\" content=\"Snack Time\" \/>\n<meta name=\"twitter:card\" content=\"summary_large_image\" \/>\n<meta name=\"twitter:label1\" content=\"Est. reading time\">\n\t<meta name=\"twitter:data1\" content=\"1 minute\">\n<script type=\"application\/ld+json\" class=\"yoast-schema-graph\">{\"@context\":\"https:\/\/schema.org\",\"@graph\":[{\"@type\":\"WebSite\",\"@id\":\"https:\/\/snacktime.es\/#website\",\"url\":\"https:\/\/snacktime.es\/\",\"name\":\"Snack Time\",\"description\":\"\",\"potentialAction\":[{\"@type\":\"SearchAction\",\"target\":\"https:\/\/snacktime.es\/?s={search_term_string}\",\"query-input\":\"required name=search_term_string\"}],\"inLanguage\":\"en-US\"},{\"@type\":\"WebPage\",\"@id\":\"https:\/\/snacktime.es\/en\/politica-de-calidad\/#webpage\",\"url\":\"https:\/\/snacktime.es\/en\/politica-de-calidad\/\",\"name\":\"Pol\\u00edtica de calidad - Snack Time\",\"isPartOf\":{\"@id\":\"https:\/\/snacktime.es\/#website\"},\"datePublished\":\"2021-01-15T14:20:26+00:00\",\"dateModified\":\"2021-01-15T14:20:26+00:00\",\"breadcrumb\":{\"@id\":\"https:\/\/snacktime.es\/en\/politica-de-calidad\/#breadcrumb\"},\"inLanguage\":\"en-US\",\"potentialAction\":[{\"@type\":\"ReadAction\",\"target\":[\"https:\/\/snacktime.es\/en\/politica-de-calidad\/\"]}]},{\"@type\":\"BreadcrumbList\",\"@id\":\"https:\/\/snacktime.es\/en\/politica-de-calidad\/#breadcrumb\",\"itemListElement\":[{\"@type\":\"ListItem\",\"position\":1,\"item\":{\"@type\":\"WebPage\",\"@id\":\"https:\/\/snacktime.es\/\",\"url\":\"https:\/\/snacktime.es\/\",\"name\":\"Home\"}},{\"@type\":\"ListItem\",\"position\":2,\"item\":{\"@type\":\"WebPage\",\"@id\":\"https:\/\/snacktime.es\/en\/politica-de-calidad\/\",\"url\":\"https:\/\/snacktime.es\/en\/politica-de-calidad\/\",\"name\":\"Pol\\u00edtica de calidad\"}}]}]}<\/script>\n<!-- \/ Yoast SEO plugin. -->","_links":{"self":[{"href":"https:\/\/snacktime.es\/en\/wp-json\/wp\/v2\/pages\/9772"}],"collection":[{"href":"https:\/\/snacktime.es\/en\/wp-json\/wp\/v2\/pages"}],"about":[{"href":"https:\/\/snacktime.es\/en\/wp-json\/wp\/v2\/types\/page"}],"author":[{"embeddable":true,"href":"https:\/\/snacktime.es\/en\/wp-json\/wp\/v2\/users\/1"}],"replies":[{"embeddable":true,"href":"https:\/\/snacktime.es\/en\/wp-json\/wp\/v2\/comments?post=9772"}],"version-history":[{"count":0,"href":"https:\/\/snacktime.es\/en\/wp-json\/wp\/v2\/pages\/9772\/revisions"}],"wp:attachment":[{"href":"https:\/\/snacktime.es\/en\/wp-json\/wp\/v2\/media?parent=9772"}],"curies":[{"name":"wp","href":"https:\/\/api.w.org\/{rel}","templated":true}]}}