{"id":9769,"date":"2021-01-15T15:19:59","date_gmt":"2021-01-15T14:19:59","guid":{"rendered":"https:\/\/snacktime.es\/politica-de-privacidad\/"},"modified":"2021-01-15T15:19:59","modified_gmt":"2021-01-15T14:19:59","slug":"politica-de-privacidad","status":"publish","type":"page","link":"https:\/\/snacktime.es\/en\/politica-de-privacidad\/","title":{"rendered":"Pol\u00edtica de privacidad"},"content":{"rendered":"<p><span style=\"font-weight: 400;\">En SNACK TIME nos preocupamos por la privacidad y la transparencia. En virtud de lo dispuesto en el Reglamento (UE) 2016\/679 del Parlamento Europeo y del Consejo, de 27 de abril de 2016, relativo a la protecci\u00f3n de las personas f\u00edsicas en lo que respecta al tratamiento de datos personales y a la libre circulaci\u00f3n de estos datos (en adelante, el \u201cRGPD\u201d), y a la Ley Org\u00e1nica 3\/2018, de 5 de diciembre, de Protecci\u00f3n de Datos Personales y Garant\u00eda de Derechos Digitales (LOPDGDD), le indicamos en detalle los tratamientos de datos personales que realizamos, as\u00ed como toda la informaci\u00f3n relativa a los mismos.\u00a0<\/span><\/p>\n<p><b>\u00bfQui\u00e9n es el responsable del tratamiento de sus datos?<\/b><\/p>\n<p><span style=\"font-weight: 400;\">MENOS DOCE HELADOS, S.L.<\/span><\/p>\n<p><span style=\"font-weight: 400;\">B98613052<\/span><\/p>\n<p><span style=\"font-weight: 400;\">C\/ANTONIO MACHADO 1 PTA 3, 46940 MANISES<\/span><\/p>\n<p><span style=\"font-weight: 400;\">644 65 95 40<\/span><\/p>\n<p><span style=\"font-weight: 400;\">Info@snacktime.es<\/span><\/p>\n<p><b>\u00bfCu\u00e1les son sus derechos cuando nos facilita sus datos?<\/b><\/p>\n<p><span style=\"font-weight: 400;\">Cualquier persona tiene derecho a obtener confirmaci\u00f3n sobre si en SNACK TIME estamos tratando, o no, datos personales que les conciernan.<\/span><\/p>\n<p><span style=\"font-weight: 400;\">Las personas interesadas tienen derecho a acceder a sus datos personales, as\u00ed como a solicitar la rectificaci\u00f3n de los datos inexactos o, en su caso, solicitar su supresi\u00f3n cuando, entre otros motivos, los datos ya no sean necesarios para los fines que fueron recogidos. Igualmente tiene derecho a la portabilidad de sus datos.<\/span><\/p>\n<p><span style=\"font-weight: 400;\">En determinadas circunstancias, los interesados podr\u00e1n solicitar la limitaci\u00f3n del tratamiento de sus datos, en cuyo caso \u00fanicamente los conservaremos para el ejercicio o la defensa de reclamaciones. En determinadas circunstancias y por motivos relacionados con su situaci\u00f3n particular, los interesados podr\u00e1n oponerse al tratamiento de sus datos. En este caso, SNACK TIME dejar\u00e1 de tratar los datos, salvo por motivos leg\u00edtimos imperiosos, o el ejercicio o la defensa de posibles reclamaciones.<\/span><\/p>\n<p><span style=\"font-weight: 400;\">Podr\u00e1 ejercitar materialmente sus derechos de la siguiente forma: dirigi\u00e9ndose a la direcci\u00f3n del responsable del tratamiento. Cuando se realice el env\u00edo de comunicaciones comerciales utilizando como base jur\u00eddica el inter\u00e9s leg\u00edtimo del responsable, el interesado podr\u00e1 oponerse al tratamiento de sus datos con ese fin. Si ha otorgado su consentimiento para alguna finalidad concreta, tiene derecho a retirar el consentimiento otorgado en cualquier momento, sin que ello afecte a la licitud del tratamiento basado en el consentimiento previo a su retirada. En caso de que sienta vulnerados sus derechos en lo concerniente a la protecci\u00f3n de sus datos personales, especialmente cuando no haya obtenido satisfacci\u00f3n en el ejercicio de sus derechos, puede presentar una reclamaci\u00f3n ante la Autoridad de Control en materia de Protecci\u00f3n de Datos competente a trav\u00e9s de su sitio web: www.aepd.es.<\/span><\/p>\n<p><b>\u00bfCon qu\u00e9 finalidad tratamos sus datos personales?<\/b><\/p>\n<p><span style=\"font-weight: 400;\">En SNACK TIME tratamos la informaci\u00f3n que nos facilitan las personas interesadas con las siguientes finalidades:<\/span><\/p>\n<p><span style=\"font-weight: 400;\">USUARIOS DE WHATSAPP: para realizar la gesti\u00f3n administrativa a trav\u00e9s de la solicitud de pedidos.<\/span><\/p>\n<p><span style=\"font-weight: 400;\">APP: para gestionar y atender tus solicitudes seg\u00fan cada finalidad concreta; concretamente, gesti\u00f3n de incidencias, solicitud de informaci\u00f3n y atenci\u00f3n al cliente.<\/span><\/p>\n<p><span style=\"font-weight: 400;\">P\u00c1GINA WEB: para atender su solicitud y enviarle comunicaciones comerciales, inclusive por v\u00eda electr\u00f3nica.<\/span><\/p>\n<p><span style=\"font-weight: 400;\">PARTICIPANTES EN SORTEOS: para realizar la gesti\u00f3n de los sorteos a los que los interesados se inscriban, as\u00ed como la gesti\u00f3n de los premios obtenidos en los mismos.<\/span><\/p>\n<p><span style=\"font-weight: 400;\">CANDIDATOS A UN PUESTO DE TRABAJO: para gestionar los Curriculum Vitae recibidos y realizar los procesos de selecci\u00f3n de personal.<\/span><\/p>\n<p><span style=\"font-weight: 400;\">CLIENTES: para realizar la gesti\u00f3n administrativa, contable y fiscal de los servicios solicitados, as\u00ed como enviar comunicaciones comerciales sobre nuestros productos y servicios.<\/span><\/p>\n<p><span style=\"font-weight: 400;\">PROVEEDORES: para realizar la gesti\u00f3n administrativa, contable y fiscal de los servicios contratados, as\u00ed como de las personas de contacto.<\/span><\/p>\n<p><span style=\"font-weight: 400;\">VIDEOVIGILANCIA: para realizar la videovigilancia de las instalaciones y seguridad privada.<\/span><\/p>\n<p><span style=\"font-weight: 400;\">VISITANTES A LAS INSTALACIONES: para realizar el registro y gesti\u00f3n de visitas a las instalaciones.<\/span><\/p>\n<p><span style=\"font-weight: 400;\">En el caso de que no facilite sus datos personales, no podremos cumplir con las funcionalidades descritas anteriormente.<\/span><\/p>\n<p><b>\u00bfPor cu\u00e1nto tiempo conservaremos sus datos?<\/b><\/p>\n<p><span style=\"font-weight: 400;\">Los datos personales se conservar\u00e1n durante el plazo correspondiente para cumplir con las obligaciones legales, concretamente:<\/span><\/p>\n<p><span style=\"font-weight: 400;\">USUARIOS DE WHATSAPP: mientras se mantenga la relaci\u00f3n comercial, y en su caso, durante los a\u00f1os necesarios para cumplir con las obligaciones legales.<\/span><\/p>\n<p><span style=\"font-weight: 400;\">APP: mientras el usuario siga dado de alta en la App. El usuario puede eliminar sus datos personales antes de darse de baja, y estos se eliminar\u00e1n definitivamente de la base de datos. En todo caso, una vez dado de baja el usuario, los datos personales se conservar\u00e1n durante cinco a\u00f1os.<\/span><\/p>\n<p><span style=\"font-weight: 400;\">P\u00c1GINA WEB: mientras el interesado no solicite su supresi\u00f3n.<\/span><\/p>\n<p><span style=\"font-weight: 400;\">PARTICIPANTES EN SORTEOS: mientras dure el sorteo y durante el tiempo posterior necesario para la gesti\u00f3n del mismo y la obtenci\u00f3n del premio. El plazo variar\u00e1 en funci\u00f3n del sorteo y\/o premio ofertado y se determinar\u00e1 en las bases legales de cada sorteo.<\/span><\/p>\n<p><span style=\"font-weight: 400;\">CANDIDATOS A UN PUESTO DE TRABAJO: durante dos a\u00f1os desde la \u00faltima interacci\u00f3n.<\/span><\/p>\n<p><span style=\"font-weight: 400;\">GESTION DE CLIENTES: mientras el interesado no solicite su supresi\u00f3n, y en su caso, durante los a\u00f1os necesarios para cumplir con las obligaciones legales.<\/span><\/p>\n<p><span style=\"font-weight: 400;\">GESTI\u00d3N DE PROVEEDORES: mientras el interesado no solicite su supresi\u00f3n, y en su caso, durante los a\u00f1os necesarios para cumplir con las obligaciones legales.<\/span><\/p>\n<p><span style=\"font-weight: 400;\">VIDEOVIGILANCIA: un m\u00e1ximo de 30 d\u00edas, salvo que exista alguna circunstancia que exija su conservaci\u00f3n m\u00e1s all\u00e1 de ese tiempo para atender posibles incidentes o responsabilidades.<\/span><\/p>\n<p><span style=\"font-weight: 400;\">VISITANTES A LAS INSTALACIONES: durante cuatro a\u00f1os.<\/span><\/p>\n<p><b>\u00bfCu\u00e1l es la legitimaci\u00f3n para el tratamiento de sus datos?<\/b><\/p>\n<p><span style=\"font-weight: 400;\">Le indicamos la base legal para el tratamiento de sus datos:<\/span><\/p>\n<p><span style=\"font-weight: 400;\">USUARIOS DE WHATSAPP: Ejecuci\u00f3n de un contrato: Atender su solicitud; Consentimiento del interesado: Enviarle comunicaciones comerciales, inclusive por v\u00eda electr\u00f3nica.<\/span><\/p>\n<p><span style=\"font-weight: 400;\">APP: Consentimiento del interesado: El usuario al darse de alta en nuestra App nos da su consentimiento expreso al tratamiento de sus datos personales.<\/span><\/p>\n<p><span style=\"font-weight: 400;\">P\u00c1GINA WEB: Ejecuci\u00f3n de un contrato: Atender su solicitud; Consentimiento del interesado: Enviarle comunicaciones comerciales, inclusive por v\u00eda electr\u00f3nica.<\/span><\/p>\n<p><span style=\"font-weight: 400;\">PARTICIPANTES EN SORTEOS: Ejecuci\u00f3n de un contrato: realizar la gesti\u00f3n del sorteo entre los participantes y gestionar el premio obtenido; consentimiento del interesado: publicaci\u00f3n en medios de comunicaci\u00f3n y perfiles en redes sociales de los participantes agraciados con los premios.<\/span><\/p>\n<p><span style=\"font-weight: 400;\">CANDIDATOS A UN PUESTO DE TRABAJO: Consentimiento del interesado: Gestionar los Curriculum Vitae recibidos y realizar los procesos de selecci\u00f3n de personal.<\/span><\/p>\n<p><span style=\"font-weight: 400;\">CLIENTES: Ejecuci\u00f3n de un contrato: Realizar la gesti\u00f3n administrativa, contable y fiscal de los servicios solicitados; Consentimiento del interesado: Enviar comunicaciones comerciales sobre nuestros productos y servicios.<\/span><\/p>\n<p><span style=\"font-weight: 400;\">PROVEEDORES: Ejecuci\u00f3n de un contrato: Realizar la gesti\u00f3n administrativa, contable y fiscal de los servicios contratados, as\u00ed como de las personas de contacto.<\/span><\/p>\n<p><span style=\"font-weight: 400;\">VIDEOVIGILANCIA: Misi\u00f3n en Inter\u00e9s p\u00fablico: Videovigilancia de las instalaciones y seguridad privada.<\/span><\/p>\n<p><span style=\"font-weight: 400;\">VISITANTES A LAS INSTALACIONES: Inter\u00e9s leg\u00edtimo del Responsable: Registro y gesti\u00f3n de visitas a las instalaciones.<\/span><\/p>\n<p><b>\u00bfA qu\u00e9 destinatarios se comunicar\u00e1n sus datos?<\/b><\/p>\n<p><span style=\"font-weight: 400;\">USUARIOS DE WHASTAPP: No se ceder\u00e1n datos a terceros, salvo obligaci\u00f3n legal.<\/span><\/p>\n<p><span style=\"font-weight: 400;\">APP: No se ceder\u00e1n datos a terceros, salvo obligaci\u00f3n legal.<\/span><\/p>\n<p><span style=\"font-weight: 400;\">P\u00c1GINA WEB: No se ceder\u00e1n datos a terceros, salvo obligaci\u00f3n legal.<\/span><\/p>\n<p><span style=\"font-weight: 400;\">PARTICIPANTES EN SORTEOS: Terceras empresas con las que se gestionen los premios obtenidos. Los destinatarios de los datos personales ser\u00e1n determinados, en cada caso en las bases legales de cada sorteo en concreto.<\/span><\/p>\n<p><span style=\"font-weight: 400;\">CANDIDATOS A UN PUESTO DE TRABAJO: No se ceder\u00e1n datos a terceros, salvo obligaci\u00f3n legal.<\/span><\/p>\n<p><span style=\"font-weight: 400;\">CLIENTES: Agencia Tributaria, con la finalidad de cumplir con las obligaciones legales; Entidades financieras, con la finalidad de girar los recibos correspondientes.<\/span><\/p>\n<p><span style=\"font-weight: 400;\">PROVEEDORES: Agencia Tributaria, con la finalidad de cumplir con las obligaciones legales; Entidades financieras, con la finalidad de realizar los pagos correspondientes.<\/span><\/p>\n<p><span style=\"font-weight: 400;\">VIDEOVIGILANCIA: En su caso, las fuerzas y cuerpos de seguridad del Estado, as\u00ed como Juzgados y Tribunales, con la finalidad de aportar las im\u00e1genes si se ha cometido un delito.<\/span><\/p>\n<p><span style=\"font-weight: 400;\">VISITANTES A LAS INSTALACIONES: No se ceder\u00e1n datos a terceros, salvo obligaci\u00f3n legal.<\/span><\/p>\n<p><b>Transferencias de datos a terceros pa\u00edses<\/b><\/p>\n<p><span style=\"font-weight: 400;\">En ning\u00fan caso y para ninguna de las finalidades descritas anteriormente est\u00e1n previstas transferencias de datos a terceros pa\u00edses.<\/span><\/p>\n<p><b>\u00bfC\u00f3mo hemos obtenido sus datos?<\/b><\/p>\n<p><span style=\"font-weight: 400;\">En todos los casos, los datos personales que tratamos en SNACK TIME proceden del propio interesado o de su representante legal. No se tratan categor\u00edas especiales de datos personales (son aquellos datos que revelen el origen \u00e9tnico o racial, las opiniones pol\u00edticas, las convicciones religiosas o filos\u00f3ficas, o la afiliaci\u00f3n sindical, datos gen\u00e9ticos, datos biom\u00e9tricos dirigidos a identificar de manera un\u00edvoca a una persona f\u00edsica, datos relativos a la salud o datos relativos a la vida sexual o la orientaci\u00f3n sexual de una persona f\u00edsica). Las categor\u00edas de datos que se tratan son:<\/span><\/p>\n<p><span style=\"font-weight: 400;\">USUARIOS DE WHATSAPP, APP y P\u00c1GINA WEB: Datos identificativos, direcciones postales y electr\u00f3nicas, informaci\u00f3n comercial.<\/span><\/p>\n<p><span style=\"font-weight: 400;\">PARTICIPANTES EN SORTEOS: Datos identificativos; direcciones postales y electr\u00f3nicas.<\/span><\/p>\n<p><span style=\"font-weight: 400;\">CANDIDATOS A UN PUESTO DE TRABAJO: Datos identificativos, direcciones postales y electr\u00f3nicas.<\/span><\/p>\n<p><span style=\"font-weight: 400;\">CLIENTES: Datos identificativos, direcciones postales y electr\u00f3nicas, informaci\u00f3n comercial, datos econ\u00f3micos.<\/span><\/p>\n<p><span style=\"font-weight: 400;\">PROVEEDORES: Datos identificativos, direcciones postales y electr\u00f3nicas, informaci\u00f3n comercial, datos econ\u00f3micos.<\/span><\/p>\n<p><span style=\"font-weight: 400;\">VIDEOVIGILANCIA:\u00a0 Datos identificativos.<\/span><\/p>\n<p><span style=\"font-weight: 400;\">VISITANTES A LAS INSTALACIONES: Datos identificativos, informaci\u00f3n comercial.<\/span><\/p>\n","protected":false},"excerpt":{"rendered":"<p>En SNACK TIME nos preocupamos por la privacidad y la transparencia. En virtud de lo dispuesto en el Reglamento (UE) 2016\/679 del Parlamento Europeo y del Consejo, de 27 de abril de 2016, relativo a la protecci\u00f3n de las personas f\u00edsicas en lo que respecta al tratamiento de datos personales y a la libre circulaci\u00f3n<\/p>\n","protected":false},"author":1,"featured_media":0,"parent":0,"menu_order":0,"comment_status":"closed","ping_status":"closed","template":"","meta":[],"yoast_head":"<!-- This site is optimized with the Yoast SEO plugin v16.1.1 - https:\/\/yoast.com\/wordpress\/plugins\/seo\/ -->\n<title>Pol\u00edtica de privacidad - Snack Time<\/title>\n<link rel=\"canonical\" href=\"https:\/\/snacktime.es\/en\/politica-de-privacidad\/\" \/>\n<meta property=\"og:locale\" content=\"en_US\" \/>\n<meta property=\"og:type\" content=\"article\" \/>\n<meta property=\"og:title\" content=\"Pol\u00edtica de privacidad - Snack Time\" \/>\n<meta property=\"og:description\" content=\"En SNACK TIME nos preocupamos por la privacidad y la transparencia. En virtud de lo dispuesto en el Reglamento (UE) 2016\/679 del Parlamento Europeo y del Consejo, de 27 de abril de 2016, relativo a la protecci\u00f3n de las personas f\u00edsicas en lo que respecta al tratamiento de datos personales y a la libre circulaci\u00f3n\" \/>\n<meta property=\"og:url\" content=\"https:\/\/snacktime.es\/en\/politica-de-privacidad\/\" \/>\n<meta property=\"og:site_name\" content=\"Snack Time\" \/>\n<meta name=\"twitter:card\" content=\"summary_large_image\" \/>\n<meta name=\"twitter:label1\" content=\"Est. reading time\">\n\t<meta name=\"twitter:data1\" content=\"8 minutes\">\n<script type=\"application\/ld+json\" class=\"yoast-schema-graph\">{\"@context\":\"https:\/\/schema.org\",\"@graph\":[{\"@type\":\"WebSite\",\"@id\":\"https:\/\/snacktime.es\/#website\",\"url\":\"https:\/\/snacktime.es\/\",\"name\":\"Snack Time\",\"description\":\"\",\"potentialAction\":[{\"@type\":\"SearchAction\",\"target\":\"https:\/\/snacktime.es\/?s={search_term_string}\",\"query-input\":\"required name=search_term_string\"}],\"inLanguage\":\"en-US\"},{\"@type\":\"WebPage\",\"@id\":\"https:\/\/snacktime.es\/en\/politica-de-privacidad\/#webpage\",\"url\":\"https:\/\/snacktime.es\/en\/politica-de-privacidad\/\",\"name\":\"Pol\\u00edtica de privacidad - Snack Time\",\"isPartOf\":{\"@id\":\"https:\/\/snacktime.es\/#website\"},\"datePublished\":\"2021-01-15T14:19:59+00:00\",\"dateModified\":\"2021-01-15T14:19:59+00:00\",\"breadcrumb\":{\"@id\":\"https:\/\/snacktime.es\/en\/politica-de-privacidad\/#breadcrumb\"},\"inLanguage\":\"en-US\",\"potentialAction\":[{\"@type\":\"ReadAction\",\"target\":[\"https:\/\/snacktime.es\/en\/politica-de-privacidad\/\"]}]},{\"@type\":\"BreadcrumbList\",\"@id\":\"https:\/\/snacktime.es\/en\/politica-de-privacidad\/#breadcrumb\",\"itemListElement\":[{\"@type\":\"ListItem\",\"position\":1,\"item\":{\"@type\":\"WebPage\",\"@id\":\"https:\/\/snacktime.es\/\",\"url\":\"https:\/\/snacktime.es\/\",\"name\":\"Home\"}},{\"@type\":\"ListItem\",\"position\":2,\"item\":{\"@type\":\"WebPage\",\"@id\":\"https:\/\/snacktime.es\/en\/politica-de-privacidad\/\",\"url\":\"https:\/\/snacktime.es\/en\/politica-de-privacidad\/\",\"name\":\"Pol\\u00edtica de privacidad\"}}]}]}<\/script>\n<!-- \/ Yoast SEO plugin. -->","_links":{"self":[{"href":"https:\/\/snacktime.es\/en\/wp-json\/wp\/v2\/pages\/9769"}],"collection":[{"href":"https:\/\/snacktime.es\/en\/wp-json\/wp\/v2\/pages"}],"about":[{"href":"https:\/\/snacktime.es\/en\/wp-json\/wp\/v2\/types\/page"}],"author":[{"embeddable":true,"href":"https:\/\/snacktime.es\/en\/wp-json\/wp\/v2\/users\/1"}],"replies":[{"embeddable":true,"href":"https:\/\/snacktime.es\/en\/wp-json\/wp\/v2\/comments?post=9769"}],"version-history":[{"count":0,"href":"https:\/\/snacktime.es\/en\/wp-json\/wp\/v2\/pages\/9769\/revisions"}],"wp:attachment":[{"href":"https:\/\/snacktime.es\/en\/wp-json\/wp\/v2\/media?parent=9769"}],"curies":[{"name":"wp","href":"https:\/\/api.w.org\/{rel}","templated":true}]}}